{"id":4315,"date":"2020-01-30T18:38:10","date_gmt":"2020-01-30T17:38:10","guid":{"rendered":"https:\/\/www.allindancevenezia.com\/?post_type=product&#038;p=4315"},"modified":"2020-01-30T18:38:10","modified_gmt":"2020-01-30T17:38:10","slug":"jelz-footundeez","status":"publish","type":"product","link":"https:\/\/www.allindancevenezia.com\/en\/prodotto\/jelz-footundeez\/","title":{"rendered":"JELZ FOOTUNDEEZ"},"content":{"rendered":"<p>JELZ FOOTUNDEEZ<\/p>\n<p>Uno stile fantastico per il sottopiede con integrato cuscinetti gel Bunheads che favoriscono l\u2019assorbimento del trauma, comodit\u00e0 e sollievo per il metatarso. Il nuovo tessuto e gli elastici garantiscono una calzabilit\u00e0 perfetta e donano uno stile ancora pi\u00f9 lineare.<\/p>\n<p>\u2022 Tessuto in Nylon Lycra e Spandex<br \/>\n\u2022 Perfetta calzabilit\u00e0 con elastico<br \/>\n\u2022 Suola doppia ExoArmo<\/p>\n<p>Misure: S \u2013 M \u2013 L \u2013 XL<\/p>\n<p>Colore: NUD<\/p>\n<p>Modello: H07G<\/p>\n<p>Marca: Capezio<\/p>\n<p>Prezzo: \u20ac\u00a0<del>22,50<\/del><\/p>\n<p>Scontato: 20,25<\/p>\n<p>&nbsp;<\/p>\n","protected":false},"excerpt":{"rendered":"<p>Modello: H07G Marca: CAPEZIO<\/p>\n","protected":false},"featured_media":4316,"comment_status":"open","ping_status":"closed","template":"","meta":[],"product_cat":[135,94],"product_tag":[],"_links":{"self":[{"href":"https:\/\/www.allindancevenezia.com\/en\/wp-json\/wp\/v2\/product\/4315"}],"collection":[{"href":"https:\/\/www.allindancevenezia.com\/en\/wp-json\/wp\/v2\/product"}],"about":[{"href":"https:\/\/www.allindancevenezia.com\/en\/wp-json\/wp\/v2\/types\/product"}],"replies":[{"embeddable":true,"href":"https:\/\/www.allindancevenezia.com\/en\/wp-json\/wp\/v2\/comments?post=4315"}],"wp:featuredmedia":[{"embeddable":true,"href":"https:\/\/www.allindancevenezia.com\/en\/wp-json\/wp\/v2\/media\/4316"}],"wp:attachment":[{"href":"https:\/\/www.allindancevenezia.com\/en\/wp-json\/wp\/v2\/media?parent=4315"}],"wp:term":[{"taxonomy":"product_cat","embeddable":true,"href":"https:\/\/www.allindancevenezia.com\/en\/wp-json\/wp\/v2\/product_cat?post=4315"},{"taxonomy":"product_tag","embeddable":true,"href":"https:\/\/www.allindancevenezia.com\/en\/wp-json\/wp\/v2\/product_tag?post=4315"}],"curies":[{"name":"wp","href":"https:\/\/api.w.org\/{rel}","templated":true}]}}