{"id":4192,"date":"2019-04-12T17:23:02","date_gmt":"2019-04-12T15:23:02","guid":{"rendered":"https:\/\/www.allindancevenezia.com\/?post_type=product&#038;p=4192"},"modified":"2024-03-17T02:16:49","modified_gmt":"2024-03-17T01:16:49","slug":"grishko-skirt","status":"publish","type":"product","link":"https:\/\/www.allindancevenezia.com\/en\/prodotto\/grishko-skirt\/","title":{"rendered":"GRISHKO SKIRT"},"content":{"rendered":"<p>MESH SKIRT<\/p>\n<p>Leggera e chic, questa gonna da balletto \u00e8 realizzata in microfibra di alta qualit\u00e0. Questo tessuto \u00e8 molto resistente allo sfregamento, non sbiadisce e la sua luminosit\u00e0 rimane la stessa anche dopo molti cicli di lavaggio. Inoltre, si asciuga molto rapidamente e non ha bisogno di stiratura.<\/p>\n<p>Modello: DL06017\/1<\/p>\n<p>Taglie: S &#8211; M &#8211; L<\/p>\n<p>Colori: Balck &#8211; White &#8211; Burgundy<\/p>\n<p>Marca: GRISHKO<\/p>\n<p>Prezzo: \u20ac\u00a0<del>15.00<\/del><\/p>\n<p>Scontato: 13.50<\/p>\n","protected":false},"excerpt":{"rendered":"<p>Modello: DL06017\/1 Marca: GRISHKO<\/p>\n","protected":false},"featured_media":4193,"comment_status":"open","ping_status":"closed","template":"","meta":[],"product_cat":[123],"product_tag":[],"_links":{"self":[{"href":"https:\/\/www.allindancevenezia.com\/en\/wp-json\/wp\/v2\/product\/4192"}],"collection":[{"href":"https:\/\/www.allindancevenezia.com\/en\/wp-json\/wp\/v2\/product"}],"about":[{"href":"https:\/\/www.allindancevenezia.com\/en\/wp-json\/wp\/v2\/types\/product"}],"replies":[{"embeddable":true,"href":"https:\/\/www.allindancevenezia.com\/en\/wp-json\/wp\/v2\/comments?post=4192"}],"wp:featuredmedia":[{"embeddable":true,"href":"https:\/\/www.allindancevenezia.com\/en\/wp-json\/wp\/v2\/media\/4193"}],"wp:attachment":[{"href":"https:\/\/www.allindancevenezia.com\/en\/wp-json\/wp\/v2\/media?parent=4192"}],"wp:term":[{"taxonomy":"product_cat","embeddable":true,"href":"https:\/\/www.allindancevenezia.com\/en\/wp-json\/wp\/v2\/product_cat?post=4192"},{"taxonomy":"product_tag","embeddable":true,"href":"https:\/\/www.allindancevenezia.com\/en\/wp-json\/wp\/v2\/product_tag?post=4192"}],"curies":[{"name":"wp","href":"https:\/\/api.w.org\/{rel}","templated":true}]}}