{"id":4121,"date":"2019-03-28T17:09:51","date_gmt":"2019-03-28T16:09:51","guid":{"rendered":"https:\/\/www.allindancevenezia.com\/?post_type=product&#038;p=4121"},"modified":"2019-03-28T17:09:52","modified_gmt":"2019-03-28T16:09:52","slug":"capezio-yoga-well","status":"publish","type":"product","link":"https:\/\/www.allindancevenezia.com\/en\/prodotto\/capezio-yoga-well\/","title":{"rendered":"CAPEZIO YOGA WELL"},"content":{"rendered":"<p>YOGA WELL<\/p>\n<p><span lang=\"it\" tabindex=\"0\">Per ottenere un allungamento pi\u00f9 profondo, migliorando l&#8217;equilibrio, la postura e la flessibilit\u00e0! Progettato per adattarsi al contorno della colonna vertebrale. Ci\u00f2 consente di massaggiare e allungare l&#8217;intera lunghezza del corpo aprendo le spalle, il torace, l&#8217;addome e i fianchi. Non solo per lo yoga, \u00e8 un modo efficace e divertente per rilassare i muscoli tesi prima della lezione di danza. Ruota leggera e resistente Foderato con un nastro antiscivolo.<\/span><\/p>\n<p><span lang=\"it\" tabindex=\"0\">Circa 32 cm x 13 cm<\/span><\/p>\n<p>Modello: BH1530<\/p>\n<p>Marca: CAPEZIO<\/p>\n<p>Prezzo: \u20ac\u00a0<del>42.00<\/del><\/p>\n<p>Scontato: \u20ac 37.80<\/p>\n","protected":false},"excerpt":{"rendered":"<p>Modello: BH1530 Marca: CAPEZIO<\/p>\n","protected":false},"featured_media":4122,"comment_status":"open","ping_status":"closed","template":"","meta":[],"product_cat":[140],"product_tag":[],"_links":{"self":[{"href":"https:\/\/www.allindancevenezia.com\/en\/wp-json\/wp\/v2\/product\/4121"}],"collection":[{"href":"https:\/\/www.allindancevenezia.com\/en\/wp-json\/wp\/v2\/product"}],"about":[{"href":"https:\/\/www.allindancevenezia.com\/en\/wp-json\/wp\/v2\/types\/product"}],"replies":[{"embeddable":true,"href":"https:\/\/www.allindancevenezia.com\/en\/wp-json\/wp\/v2\/comments?post=4121"}],"wp:featuredmedia":[{"embeddable":true,"href":"https:\/\/www.allindancevenezia.com\/en\/wp-json\/wp\/v2\/media\/4122"}],"wp:attachment":[{"href":"https:\/\/www.allindancevenezia.com\/en\/wp-json\/wp\/v2\/media?parent=4121"}],"wp:term":[{"taxonomy":"product_cat","embeddable":true,"href":"https:\/\/www.allindancevenezia.com\/en\/wp-json\/wp\/v2\/product_cat?post=4121"},{"taxonomy":"product_tag","embeddable":true,"href":"https:\/\/www.allindancevenezia.com\/en\/wp-json\/wp\/v2\/product_tag?post=4121"}],"curies":[{"name":"wp","href":"https:\/\/api.w.org\/{rel}","templated":true}]}}