{"id":4028,"date":"2019-03-20T19:30:26","date_gmt":"2019-03-20T18:30:26","guid":{"rendered":"https:\/\/www.allindancevenezia.com\/?post_type=product&#038;p=4028"},"modified":"2019-03-20T19:30:26","modified_gmt":"2019-03-20T18:30:26","slug":"sansha-mezza-pro-1c","status":"publish","type":"product","link":"https:\/\/www.allindancevenezia.com\/en\/prodotto\/sansha-mezza-pro-1c\/","title":{"rendered":"SANSHA MEZZA PRO 1C"},"content":{"rendered":"<p>PRO 1C<\/p>\n<p>La Sansha Pro 1 C, \u00e8 stata la prima mezza punta a suola smezzata sul mercato. Nata dall&#8217;idea del suo disegnatore F.R. Douval, si \u00e8 subito imposta come modello indispensabile per i danzatori sia professionisti che non, per la sua praticit\u00e0 e linea. Cucite a mano. Due strati di tela forte superiore. Protezione in corrispondenza del tallone. Elastici pre-cuciti. La pro 1 C \u00e8 il modello di punta della Sansha, e si differenzia dagli altri modelli per le cuciture &#8220;piatte&#8221; pensate per un perfetto confort durante l&#8217;utilizzo.<\/p>\n<p>Pianta: M<\/p>\n<p>Ultime Taglie: 5 &#8211; 6<\/p>\n<p>Marca: SANSHA<\/p>\n<p>Prezzo: \u20ac\u00a0<del>27.00<\/del><\/p>\n<p>50% OFF<\/p>\n<p>Scontato: \u20ac 13.50<\/p>\n","protected":false},"excerpt":{"rendered":"<p>Modello: PRO 1C Marca: SANSHA<\/p>\n","protected":false},"featured_media":4029,"comment_status":"open","ping_status":"closed","template":"","meta":[],"product_cat":[130,97],"product_tag":[],"_links":{"self":[{"href":"https:\/\/www.allindancevenezia.com\/en\/wp-json\/wp\/v2\/product\/4028"}],"collection":[{"href":"https:\/\/www.allindancevenezia.com\/en\/wp-json\/wp\/v2\/product"}],"about":[{"href":"https:\/\/www.allindancevenezia.com\/en\/wp-json\/wp\/v2\/types\/product"}],"replies":[{"embeddable":true,"href":"https:\/\/www.allindancevenezia.com\/en\/wp-json\/wp\/v2\/comments?post=4028"}],"wp:featuredmedia":[{"embeddable":true,"href":"https:\/\/www.allindancevenezia.com\/en\/wp-json\/wp\/v2\/media\/4029"}],"wp:attachment":[{"href":"https:\/\/www.allindancevenezia.com\/en\/wp-json\/wp\/v2\/media?parent=4028"}],"wp:term":[{"taxonomy":"product_cat","embeddable":true,"href":"https:\/\/www.allindancevenezia.com\/en\/wp-json\/wp\/v2\/product_cat?post=4028"},{"taxonomy":"product_tag","embeddable":true,"href":"https:\/\/www.allindancevenezia.com\/en\/wp-json\/wp\/v2\/product_tag?post=4028"}],"curies":[{"name":"wp","href":"https:\/\/api.w.org\/{rel}","templated":true}]}}