{"id":3962,"date":"2019-03-15T17:24:46","date_gmt":"2019-03-15T16:24:46","guid":{"rendered":"https:\/\/www.allindancevenezia.com\/?post_type=product&#038;p=3962"},"modified":"2024-09-06T17:45:33","modified_gmt":"2024-09-06T15:45:33","slug":"bloch-pro-arch","status":"publish","type":"product","link":"https:\/\/www.allindancevenezia.com\/en\/prodotto\/bloch-pro-arch\/","title":{"rendered":"BLOCH PRO ARCH"},"content":{"rendered":"<p>PRO ARCH<\/p>\n<p>Pro Arch \u00e8 una scarpetta da balletto in tela morbida e resistente con inserti che si adattano al piede e gli permettono di respirare.<\/p>\n<p>Protegge il piede e permette al ballerino il tipo di libert\u00e0 di movimento sperimentato quando si balla senza scarpe.<br \/>\n\u2022 Il pad della suola anteriore \u00e8 pi\u00f9 largo, pi\u00f9 corto e privo di creste, ci\u00f2 crea una piattaforma pi\u00f9 piatta su cui ruotare, eliminando la maggior parte dell&#8217;arco e fornendo la massima protezione metatarsale.<br \/>\n\u2022 Fodera in cotone con propriet\u00e0 antibatteriche.<br \/>\n\u2022 L&#8217;elastico sulla linea superiore sostituisce la necessit\u00e0 di un cordoncino disordinato ed elimina la pressione sulla parte superiore del piede.<br \/>\n\u2022 L&#8217;elastico incrociato pre-cucito garantisce una calzata sicura.<\/p>\n<p>Modello: S0271L<\/p>\n<p>Pianta: C<\/p>\n<p>Colore: PNK<\/p>\n<p>Taglie: dal 2 al 8.5<\/p>\n<p>Marca: BLOCH<\/p>\n<p>Prezzo: \u20ac 27,50<\/p>\n","protected":false},"excerpt":{"rendered":"<p>Modello: S0271L Marca: BLOCH<\/p>\n","protected":false},"featured_media":3963,"comment_status":"open","ping_status":"closed","template":"","meta":[],"product_cat":[130],"product_tag":[],"_links":{"self":[{"href":"https:\/\/www.allindancevenezia.com\/en\/wp-json\/wp\/v2\/product\/3962"}],"collection":[{"href":"https:\/\/www.allindancevenezia.com\/en\/wp-json\/wp\/v2\/product"}],"about":[{"href":"https:\/\/www.allindancevenezia.com\/en\/wp-json\/wp\/v2\/types\/product"}],"replies":[{"embeddable":true,"href":"https:\/\/www.allindancevenezia.com\/en\/wp-json\/wp\/v2\/comments?post=3962"}],"wp:featuredmedia":[{"embeddable":true,"href":"https:\/\/www.allindancevenezia.com\/en\/wp-json\/wp\/v2\/media\/3963"}],"wp:attachment":[{"href":"https:\/\/www.allindancevenezia.com\/en\/wp-json\/wp\/v2\/media?parent=3962"}],"wp:term":[{"taxonomy":"product_cat","embeddable":true,"href":"https:\/\/www.allindancevenezia.com\/en\/wp-json\/wp\/v2\/product_cat?post=3962"},{"taxonomy":"product_tag","embeddable":true,"href":"https:\/\/www.allindancevenezia.com\/en\/wp-json\/wp\/v2\/product_tag?post=3962"}],"curies":[{"name":"wp","href":"https:\/\/api.w.org\/{rel}","templated":true}]}}