{"id":3960,"date":"2019-03-15T17:14:41","date_gmt":"2019-03-15T16:14:41","guid":{"rendered":"https:\/\/www.allindancevenezia.com\/?post_type=product&#038;p=3960"},"modified":"2024-09-06T17:46:44","modified_gmt":"2024-09-06T15:46:44","slug":"bloch-infinity-stretch","status":"publish","type":"product","link":"https:\/\/www.allindancevenezia.com\/en\/prodotto\/bloch-infinity-stretch\/","title":{"rendered":"BLOCH INFINITY STRETCH"},"content":{"rendered":"<p>INFINITY STRETCH<\/p>\n<p>Infinity Stretch \u00e8 una scarpetta da danza in tela con suola divisa che combina le migliori caratteristiche di Synchrony e Zenith.<\/p>\n<p>La tela abbraccia il piede e accentua i contorni, offrendo una vestibilit\u00e0 aerodinamica e confortevole.<\/p>\n<p>\u2022 La tela stretch all&#8217;avanguardia di BLOCH ha fibre innovative che mantengono la forma intorno al piede.<br \/>\n\u2022 La suola anteriore \u00e8 pi\u00f9 larga e non ha creste ci\u00f2 consente alle dita di allargarsi per un facile equilibrio.<br \/>\n\u2022 Le suole sono dotate di schiuma memory assorbente.<br \/>\n\u2022 L&#8217;elastico sulla linea superiore sostituisce la necessit\u00e0 di un cordoncino disordinato ed elimina la pressione sulla parte superiore del piede.<br \/>\n\u2022 L&#8217;elastico incrociato pre-cucito garantisce una calzata sicura<\/p>\n<p>Modello: S0220L<\/p>\n<p>Pianta: C<\/p>\n<p>Colore: PNK<\/p>\n<p>Taglie: dal 2 al 8<\/p>\n<p>Marca: BLOCH<\/p>\n<p>Prezzo: \u20ac 38,50<\/p>\n","protected":false},"excerpt":{"rendered":"<p>Modello: S0220L Marca: BLOCH<\/p>\n","protected":false},"featured_media":3961,"comment_status":"open","ping_status":"closed","template":"","meta":[],"product_cat":[130],"product_tag":[],"_links":{"self":[{"href":"https:\/\/www.allindancevenezia.com\/en\/wp-json\/wp\/v2\/product\/3960"}],"collection":[{"href":"https:\/\/www.allindancevenezia.com\/en\/wp-json\/wp\/v2\/product"}],"about":[{"href":"https:\/\/www.allindancevenezia.com\/en\/wp-json\/wp\/v2\/types\/product"}],"replies":[{"embeddable":true,"href":"https:\/\/www.allindancevenezia.com\/en\/wp-json\/wp\/v2\/comments?post=3960"}],"wp:featuredmedia":[{"embeddable":true,"href":"https:\/\/www.allindancevenezia.com\/en\/wp-json\/wp\/v2\/media\/3961"}],"wp:attachment":[{"href":"https:\/\/www.allindancevenezia.com\/en\/wp-json\/wp\/v2\/media?parent=3960"}],"wp:term":[{"taxonomy":"product_cat","embeddable":true,"href":"https:\/\/www.allindancevenezia.com\/en\/wp-json\/wp\/v2\/product_cat?post=3960"},{"taxonomy":"product_tag","embeddable":true,"href":"https:\/\/www.allindancevenezia.com\/en\/wp-json\/wp\/v2\/product_tag?post=3960"}],"curies":[{"name":"wp","href":"https:\/\/api.w.org\/{rel}","templated":true}]}}