{"id":3941,"date":"2019-03-13T17:51:20","date_gmt":"2019-03-13T16:51:20","guid":{"rendered":"https:\/\/www.allindancevenezia.com\/?post_type=product&#038;p=3941"},"modified":"2019-03-13T17:51:20","modified_gmt":"2019-03-13T16:51:20","slug":"freddy-feline","status":"publish","type":"product","link":"https:\/\/www.allindancevenezia.com\/en\/prodotto\/freddy-feline\/","title":{"rendered":"FREDDY FELINE"},"content":{"rendered":"<p>FELINE SCARPA FITNESS IN D.I.W.O.\u00ae CON TECNOLOGIA ITS 2.0 PER UN ASSORBIMENTO DEGLI IMPATTI ANCORA PI\u00d9 ELEVATO &#8211; STAMPA DEGRAD\u00c9<\/p>\n<p>Feline \u00e8 la scarpa fitness ispirata all&#8217;animale pi\u00f9 veloce e scattante del pianeta, sviluppata per offrire elevate prestazioni durante le attivit\u00e0 ad alto impatto come il cross training.<br \/>\nTomaia seamless stampa all-over effetto degrad\u00e9 in tessuto tecnico traspirante D.I.W.O.\u00ae &#8211; dry in, wet out &#8211; per comfort e calzata ottimali.<br \/>\nSuola a densit\u00e0 quadra, sviluppata per l&#8217;assorbimento degli impatti sia su avampiede che su tallone.<br \/>\nMicroforatura al laser per aumentare il passaggio dell&#8217;aria e favorire la traspirazione del piede.<br \/>\nCapsula Lock Fit interna per rendere stabile il piede durante il workout.<br \/>\nFascia elastica alla caviglia per ridurre al minimo lo sfregamento sul tallone<br \/>\nSoletta interna in memory foam antibatterico.<br \/>\nAdatta agli sport pi\u00f9 dinamici: cross training, high impact training, core, step, cardio training, aerobics<\/p>\n<p>62,4%Poliestere 17,6%Elastan 10%Satin PU 10%PU<\/p>\n<p>Modello: FELINE SF<\/p>\n<p>Colori: NERO N<\/p>\n<p>Taglie: 36 &#8211; 38<\/p>\n<p>Marca: FREDDY<\/p>\n<p>Prezzo:\u00a0<del>89.90<\/del><\/p>\n<p>40% OFF<\/p>\n<p>Scontato: \u20ac 53.94<\/p>\n","protected":false},"excerpt":{"rendered":"<p>Modello: FELINE SF Marca: FREDDY<\/p>\n","protected":false},"featured_media":3942,"comment_status":"open","ping_status":"closed","template":"","meta":[],"product_cat":[139,97,138],"product_tag":[],"_links":{"self":[{"href":"https:\/\/www.allindancevenezia.com\/en\/wp-json\/wp\/v2\/product\/3941"}],"collection":[{"href":"https:\/\/www.allindancevenezia.com\/en\/wp-json\/wp\/v2\/product"}],"about":[{"href":"https:\/\/www.allindancevenezia.com\/en\/wp-json\/wp\/v2\/types\/product"}],"replies":[{"embeddable":true,"href":"https:\/\/www.allindancevenezia.com\/en\/wp-json\/wp\/v2\/comments?post=3941"}],"wp:featuredmedia":[{"embeddable":true,"href":"https:\/\/www.allindancevenezia.com\/en\/wp-json\/wp\/v2\/media\/3942"}],"wp:attachment":[{"href":"https:\/\/www.allindancevenezia.com\/en\/wp-json\/wp\/v2\/media?parent=3941"}],"wp:term":[{"taxonomy":"product_cat","embeddable":true,"href":"https:\/\/www.allindancevenezia.com\/en\/wp-json\/wp\/v2\/product_cat?post=3941"},{"taxonomy":"product_tag","embeddable":true,"href":"https:\/\/www.allindancevenezia.com\/en\/wp-json\/wp\/v2\/product_tag?post=3941"}],"curies":[{"name":"wp","href":"https:\/\/api.w.org\/{rel}","templated":true}]}}