{"id":3895,"date":"2019-03-12T18:54:40","date_gmt":"2019-03-12T17:54:40","guid":{"rendered":"https:\/\/www.allindancevenezia.com\/?post_type=product&#038;p=3895"},"modified":"2019-03-12T18:54:40","modified_gmt":"2019-03-12T17:54:40","slug":"sansha-recital","status":"publish","type":"product","link":"https:\/\/www.allindancevenezia.com\/en\/prodotto\/sansha-recital\/","title":{"rendered":"SANSHA R\u00c9CITAL"},"content":{"rendered":"<p>SANSHA R\u00c9CITAL<\/p>\n<p>Le <strong>Punte Sansha Recital 202<\/strong>\u00a0sono adatte per ballerine di tutti i livelli come punta da allenamento.<br \/>\nQuesta calzatura si presenta con un appoggio ampio per avere maggior equilibrio, cassa mediamente dura rimovibile e supporto sul tallone.<\/p>\n<p>Il sistema \u201cwhisper quiet toe\u201d riduce il rumore durante gli atterraggi dei salti, rispetto alle scarpe da punta tradizionali.<\/p>\n<p><em><strong>Vestibilit\u00e0 ridotta si consiglia 1 numero in pi\u00f9, per chi la preferisce pi\u00f9 comoda \u00e8 opportuno scegliere 2 punti in pi\u00f9.<\/strong><\/em><\/p>\n<p>Mascherina alta con scollo a V. Ideale\u00a0per chi ha il collo del piede sviluppato.<\/p>\n<p>Pianta: M<\/p>\n<p>Ultime Taglie: 7 &#8211; 8 &#8211; 10 &#8211; 11<\/p>\n<p>Marca: SANSHA<\/p>\n<p>Prezzo: \u20ac\u00a0<del>41.00<\/del><\/p>\n<p>50% OFF<\/p>\n<p>Scontato: \u20ac 20.50<\/p>\n","protected":false},"excerpt":{"rendered":"<p>Modello: R\u00c9CITAL Marca: SANSHA<\/p>\n","protected":false},"featured_media":3896,"comment_status":"open","ping_status":"closed","template":"","meta":[],"product_cat":[97,103],"product_tag":[],"_links":{"self":[{"href":"https:\/\/www.allindancevenezia.com\/en\/wp-json\/wp\/v2\/product\/3895"}],"collection":[{"href":"https:\/\/www.allindancevenezia.com\/en\/wp-json\/wp\/v2\/product"}],"about":[{"href":"https:\/\/www.allindancevenezia.com\/en\/wp-json\/wp\/v2\/types\/product"}],"replies":[{"embeddable":true,"href":"https:\/\/www.allindancevenezia.com\/en\/wp-json\/wp\/v2\/comments?post=3895"}],"wp:featuredmedia":[{"embeddable":true,"href":"https:\/\/www.allindancevenezia.com\/en\/wp-json\/wp\/v2\/media\/3896"}],"wp:attachment":[{"href":"https:\/\/www.allindancevenezia.com\/en\/wp-json\/wp\/v2\/media?parent=3895"}],"wp:term":[{"taxonomy":"product_cat","embeddable":true,"href":"https:\/\/www.allindancevenezia.com\/en\/wp-json\/wp\/v2\/product_cat?post=3895"},{"taxonomy":"product_tag","embeddable":true,"href":"https:\/\/www.allindancevenezia.com\/en\/wp-json\/wp\/v2\/product_tag?post=3895"}],"curies":[{"name":"wp","href":"https:\/\/api.w.org\/{rel}","templated":true}]}}