{"id":3876,"date":"2019-03-12T17:32:54","date_gmt":"2019-03-12T16:32:54","guid":{"rendered":"https:\/\/www.allindancevenezia.com\/?post_type=product&#038;p=3876"},"modified":"2020-02-19T17:47:23","modified_gmt":"2020-02-19T16:47:23","slug":"gaynor-minden-supple","status":"publish","type":"product","link":"https:\/\/www.allindancevenezia.com\/en\/prodotto\/gaynor-minden-supple\/","title":{"rendered":"GAYNOR MINDEN SUPPLE"},"content":{"rendered":"<p>GAYNOR MINDEN SUPPLE\u00a0(Sacchetto Rosa)<\/p>\n<p>BOX: 3 Medio o 4 largo<\/p>\n<p>Taglie: dal 5.5 al 11<\/p>\n<p>Marca: Gaynor Minden<\/p>\n<p>Prezzo: \u20ac 130.00<\/p>\n<p>L&#8217;elemento chiave di queste punte \u00e8 proprio il materiale di costruzione della soletta e del box, realizzati con polimeri sintetici dalla straordinaria flessibilit\u00e0, resistenza e forza.<br \/>\nGli stessi materiali sono utilizzati in supporti medici, protesi, attrezzature sportive.<\/p>\n<div>\n<p>Quando si parla di Gaynor Minden non si pu\u00f2 fare a meno di pensare alle scarpe da punta americane pi\u00f9 famose nel mondo. Non \u00e8 un caso le punte <strong>Gaynor Minden<\/strong> siano utilizzate dalle pi\u00f9 importanti compagnie di danza del panorama internazionale, dall&#8217;American Ballet Theatre al Royal Ballet, dall&#8217;Opera di Parigi al Bolshoi di Mosca e al Mariinsky di San Pietroburgo.<\/p>\n<p>Ma qual \u00e8 il segreto di questa punta innovativa, che ha rivoluzionato il mercato delle punte per professionisti?<\/p>\n<p>Le punte <strong>Gaynor Minden<\/strong> nascono dopo 8 anni di ricerche di Eliza Minden e del marito John, che volevano realizzare delle punte di nuova concezione, utilizzando materiali tecnici e specifici che soppiantassero l&#8217;uso di cartone, colla e chiodi nella costruzione delle punte.<\/p>\n<p>A questa ricerca dei materiali hanno affiancato lo studio di esperti in medicina della danza per valutare l&#8217;allineamento del piede, la flessibilit\u00e0 della scarpa, l&#8217;assorbimento degli urti. La vera prova \u00e8 avvenuta sul campo; le scarpe sono state indossate da centinaia di ballerini che hanno confermato le potenzialit\u00e0 di queste scarpe e hanno testimoniato i benefici derivanti dal loro utilizzo.<\/p>\n<p>L&#8217;elemento chiave di queste punte \u00e8 proprio il materiale di costruzione della soletta e del box, realizzati con polimeri sintetici dalla straordinaria flessibilit\u00e0, resistenza e forza. Gli stessi materiali sono utilizzati in supporti medici, protesi, attrezzature sportive.<\/p>\n<p>In questo modo la scarpa \u00e8 flessibile e pre-arcuata, per regalare una linea perfetta. Allo stesso tempo per\u00f2 la soletta non \u00e8 deformabile e questo <strong>garantisce una durata di 3-6 volte superiore alle tradizionali scarpe da punta<\/strong> presenti sul mercato.<\/p>\n<p>L&#8217;interno della soletta presenta una imbottitura in <em><strong>Poron\u00ae 4000<\/strong><\/em>, una <em>schiuma ammortizzante<\/em> presente anche nelle scarpe da ginnastica, in grado di assorbire gli urti su tutto il piede, con ulteriori strati di diversa densit\u00e0 posti al livello del tallone e sotto le dita dei piedi. Il <strong><em>Poron<\/em><\/strong>, posto sotto il puntale, contribuisce anche alla <em>riduzione del rumore<\/em>.\u00a0Le differenze rispetto alle altre punte sono anche estetiche oltre che funzionali; novit\u00e0 assoluta \u00e8 la coulisse posta lateralmente, in modo da lasciare il bordo della scarpa pulito e non irritare la parte superiore del piede. Il puntale \u00e8 piatto, in modo da evitare oscillazioni dando maggiore stabilit\u00e0 ed \u00e8 disponibile in camoscio o in raso.<\/p>\n<p>&nbsp;<\/p>\n<\/div>\n<p>&nbsp;<\/p>\n","protected":false},"excerpt":{"rendered":"<p>Modello: SUPPLE Marca: GAYNOR MINDEN Le punte Gaynor Minden\u00a0offrono combinazioni per qualsiasi tipo di piede: 3 ampiezze di pianta, 4 tipi di box, 5 differenti&hellip;<\/p>\n","protected":false},"featured_media":3877,"comment_status":"open","ping_status":"closed","template":"","meta":[],"product_cat":[103],"product_tag":[],"_links":{"self":[{"href":"https:\/\/www.allindancevenezia.com\/en\/wp-json\/wp\/v2\/product\/3876"}],"collection":[{"href":"https:\/\/www.allindancevenezia.com\/en\/wp-json\/wp\/v2\/product"}],"about":[{"href":"https:\/\/www.allindancevenezia.com\/en\/wp-json\/wp\/v2\/types\/product"}],"replies":[{"embeddable":true,"href":"https:\/\/www.allindancevenezia.com\/en\/wp-json\/wp\/v2\/comments?post=3876"}],"wp:featuredmedia":[{"embeddable":true,"href":"https:\/\/www.allindancevenezia.com\/en\/wp-json\/wp\/v2\/media\/3877"}],"wp:attachment":[{"href":"https:\/\/www.allindancevenezia.com\/en\/wp-json\/wp\/v2\/media?parent=3876"}],"wp:term":[{"taxonomy":"product_cat","embeddable":true,"href":"https:\/\/www.allindancevenezia.com\/en\/wp-json\/wp\/v2\/product_cat?post=3876"},{"taxonomy":"product_tag","embeddable":true,"href":"https:\/\/www.allindancevenezia.com\/en\/wp-json\/wp\/v2\/product_tag?post=3876"}],"curies":[{"name":"wp","href":"https:\/\/api.w.org\/{rel}","templated":true}]}}