{"id":3874,"date":"2019-03-12T16:59:03","date_gmt":"2019-03-12T15:59:03","guid":{"rendered":"https:\/\/www.allindancevenezia.com\/?post_type=product&#038;p=3874"},"modified":"2019-03-12T16:59:36","modified_gmt":"2019-03-12T15:59:36","slug":"capezio-developpe","status":"publish","type":"product","link":"https:\/\/www.allindancevenezia.com\/en\/prodotto\/capezio-developpe\/","title":{"rendered":"CAPEZIO D\u00c9VELOPP\u00c9"},"content":{"rendered":"<p>D\u00c9VELOPP\u00c9<\/p>\n<ul>\n<li>la scarpa da punta developpe e\u2019 per uso avanzato.<\/li>\n<li>rinforzo moderato in punta (leggermente affusolato).<\/li>\n<li>la suola in cuoio e\u2019 ridotta per facilitare la salita in punta, ideale per piedi a pianta medio\/larga<\/li>\n<\/ul>\n<p>Modello: 1137W<\/p>\n<p>Pianta: M<\/p>\n<p>Colore: PTP<\/p>\n<p>Taglie: dal 5 al 10<\/p>\n<p>Marca: CAPEZIO<\/p>\n<p>Prezzo: \u20ac\u00a0<del>69.50<\/del><\/p>\n<p>Scontato: \u20ac 62.55<\/p>\n","protected":false},"excerpt":{"rendered":"<p>Modello: 1137W Marca: CAPEZIO<\/p>\n","protected":false},"featured_media":3875,"comment_status":"open","ping_status":"closed","template":"","meta":[],"product_cat":[103],"product_tag":[],"_links":{"self":[{"href":"https:\/\/www.allindancevenezia.com\/en\/wp-json\/wp\/v2\/product\/3874"}],"collection":[{"href":"https:\/\/www.allindancevenezia.com\/en\/wp-json\/wp\/v2\/product"}],"about":[{"href":"https:\/\/www.allindancevenezia.com\/en\/wp-json\/wp\/v2\/types\/product"}],"replies":[{"embeddable":true,"href":"https:\/\/www.allindancevenezia.com\/en\/wp-json\/wp\/v2\/comments?post=3874"}],"wp:featuredmedia":[{"embeddable":true,"href":"https:\/\/www.allindancevenezia.com\/en\/wp-json\/wp\/v2\/media\/3875"}],"wp:attachment":[{"href":"https:\/\/www.allindancevenezia.com\/en\/wp-json\/wp\/v2\/media?parent=3874"}],"wp:term":[{"taxonomy":"product_cat","embeddable":true,"href":"https:\/\/www.allindancevenezia.com\/en\/wp-json\/wp\/v2\/product_cat?post=3874"},{"taxonomy":"product_tag","embeddable":true,"href":"https:\/\/www.allindancevenezia.com\/en\/wp-json\/wp\/v2\/product_tag?post=3874"}],"curies":[{"name":"wp","href":"https:\/\/api.w.org\/{rel}","templated":true}]}}