{"id":3830,"date":"2019-03-11T16:27:12","date_gmt":"2019-03-11T15:27:12","guid":{"rendered":"https:\/\/www.allindancevenezia.com\/?post_type=product&#038;p=3830"},"modified":"2024-09-06T16:24:18","modified_gmt":"2024-09-06T14:24:18","slug":"grace-bloch","status":"publish","type":"product","link":"https:\/\/www.allindancevenezia.com\/en\/prodotto\/grace-bloch\/","title":{"rendered":"BLOCH GRACE"},"content":{"rendered":"<p>GRACE<\/p>\n<p>Si tratta di una scarpa da punta pi\u00f9 leggera. Dispone di una punta sagomata ed \u00e8 realizzata con materiali naturali e di lunga durata. La tomaia in raso pieno di alta qualit\u00e0 ha un supporto super confortevole che dona una sensazione di sneaker sportiva. Le caratteristiche di grazia e la piattaforma estremamente appiattita offrono un&#8217;eccellente stabilit\u00e0 ed equilibrio in tutte le direzioni. La scarpa da punta Grace ha una scatola interna imbottita per un incredibile comfort e una tecnologia di riduzione del rumore per ballare in modalit\u00e0 Silenzioso sul palco. La nuova e rivoluzionaria soletta &#8220;relevease&#8221; di Bloch consente di ruotare facilmente attraverso la mascherina sulle punte, mentre l&#8217;ammortizzazione posizionata strategicamente fornisce il massimo assorbimento degli urti.<\/p>\n<p>Modello: S0161L<\/p>\n<p>Pianta: XX<\/p>\n<p>Colore: PNK<\/p>\n<p>Taglie: dal 3 al 8<\/p>\n<p>Marca: BLOCH<\/p>\n<p>Prezzo: \u20ac 89,75<\/p>\n","protected":false},"excerpt":{"rendered":"<p>Modello: S0161L Marca: BLOCH<\/p>\n","protected":false},"featured_media":3831,"comment_status":"open","ping_status":"closed","template":"","meta":[],"product_cat":[103],"product_tag":[],"_links":{"self":[{"href":"https:\/\/www.allindancevenezia.com\/en\/wp-json\/wp\/v2\/product\/3830"}],"collection":[{"href":"https:\/\/www.allindancevenezia.com\/en\/wp-json\/wp\/v2\/product"}],"about":[{"href":"https:\/\/www.allindancevenezia.com\/en\/wp-json\/wp\/v2\/types\/product"}],"replies":[{"embeddable":true,"href":"https:\/\/www.allindancevenezia.com\/en\/wp-json\/wp\/v2\/comments?post=3830"}],"wp:featuredmedia":[{"embeddable":true,"href":"https:\/\/www.allindancevenezia.com\/en\/wp-json\/wp\/v2\/media\/3831"}],"wp:attachment":[{"href":"https:\/\/www.allindancevenezia.com\/en\/wp-json\/wp\/v2\/media?parent=3830"}],"wp:term":[{"taxonomy":"product_cat","embeddable":true,"href":"https:\/\/www.allindancevenezia.com\/en\/wp-json\/wp\/v2\/product_cat?post=3830"},{"taxonomy":"product_tag","embeddable":true,"href":"https:\/\/www.allindancevenezia.com\/en\/wp-json\/wp\/v2\/product_tag?post=3830"}],"curies":[{"name":"wp","href":"https:\/\/api.w.org\/{rel}","templated":true}]}}