{"id":3774,"date":"2019-03-09T19:40:49","date_gmt":"2019-03-09T18:40:49","guid":{"rendered":"https:\/\/www.allindancevenezia.com\/?post_type=product&#038;p=3774"},"modified":"2024-09-06T16:33:29","modified_gmt":"2024-09-06T14:33:29","slug":"balance-european-bloch","status":"publish","type":"product","link":"https:\/\/www.allindancevenezia.com\/en\/prodotto\/balance-european-bloch\/","title":{"rendered":"BLOCH BALANCE EUROPEAN"},"content":{"rendered":"<p>BALANCE EUROPEAN<\/p>\n<ul>\n<li>Simile al modello Balance, con una mascherina interna pi\u00f9 affusolata, mentre l&#8217;interno della calzatura \u00e8 pi\u00f9 stretto per una migliore adesione attorno alle dita<\/li>\n<\/ul>\n<p>Modello: ES0160L<\/p>\n<p>Pianta: XX<\/p>\n<p>Colore: PNK<\/p>\n<p>Taglie: dal 1 al 8<\/p>\n<p>Marca: BLOCH<\/p>\n<p>Prezzo: \u20ac 85,25<\/p>\n","protected":false},"excerpt":{"rendered":"<p>Modello: ES0160L Marca: BLOCH<\/p>\n","protected":false},"featured_media":3775,"comment_status":"open","ping_status":"closed","template":"","meta":[],"product_cat":[103],"product_tag":[],"_links":{"self":[{"href":"https:\/\/www.allindancevenezia.com\/en\/wp-json\/wp\/v2\/product\/3774"}],"collection":[{"href":"https:\/\/www.allindancevenezia.com\/en\/wp-json\/wp\/v2\/product"}],"about":[{"href":"https:\/\/www.allindancevenezia.com\/en\/wp-json\/wp\/v2\/types\/product"}],"replies":[{"embeddable":true,"href":"https:\/\/www.allindancevenezia.com\/en\/wp-json\/wp\/v2\/comments?post=3774"}],"wp:featuredmedia":[{"embeddable":true,"href":"https:\/\/www.allindancevenezia.com\/en\/wp-json\/wp\/v2\/media\/3775"}],"wp:attachment":[{"href":"https:\/\/www.allindancevenezia.com\/en\/wp-json\/wp\/v2\/media?parent=3774"}],"wp:term":[{"taxonomy":"product_cat","embeddable":true,"href":"https:\/\/www.allindancevenezia.com\/en\/wp-json\/wp\/v2\/product_cat?post=3774"},{"taxonomy":"product_tag","embeddable":true,"href":"https:\/\/www.allindancevenezia.com\/en\/wp-json\/wp\/v2\/product_tag?post=3774"}],"curies":[{"name":"wp","href":"https:\/\/api.w.org\/{rel}","templated":true}]}}